{"id":97,"date":"2011-04-15T11:11:44","date_gmt":"2011-04-15T09:11:44","guid":{"rendered":"http:\/\/schuetzenelite.de\/blog\/?page_id=97"},"modified":"2011-06-17T16:12:38","modified_gmt":"2011-06-17T14:12:38","slug":"impressum","status":"publish","type":"page","link":"https:\/\/schuetzenelite.de\/blog\/impressum\/","title":{"rendered":"Impressum"},"content":{"rendered":"<p>Der Hausmeister<\/p>\n<p>Stefan Meyer<br \/>\nBuxtehuder Str. 10<br \/>\n21698 Harsefeld<\/p>\n<p>Diese Seite widerspiegelt nur die Meinung des Autors (Hausmeister).<\/p>\n<p>Diese Homepage ist keine offizielle Seite des Sch\u00fctzenvereins Harsefeld von 1903 e.V., wird nicht von diesem betrieben und dr\u00fcckt auch nicht dessen Meinung aus.<\/p>\n<p>Alle Rechte vorbehalten. Texte, Bilder, Grafiken, Filme\u00a0und  Abbildungen auf der Website vom Schie\u00dfstandblog unterliegen dem Schutz des Urheberrechts und anderer Schutzgesetze.<\/p>\n<p>Trotz sorgf\u00e4ltiger Kontrolle der Inhalte kann keine Haftung f\u00fcr  die Inhalte externer Links \u00fcbernommen werden. Der Inhalt der verlinkten Seiten  unterliegt der Verantwortung derer Betreiber.<\/p>\n","protected":false},"excerpt":{"rendered":"<p>Der Hausmeister Stefan Meyer Buxtehuder Str. 10 21698 Harsefeld Diese Seite widerspiegelt nur die Meinung des Autors (Hausmeister). Diese Homepage ist keine offizielle Seite des Sch\u00fctzenvereins Harsefeld von 1903 e.V., wird nicht von diesem betrieben und dr\u00fcckt auch nicht dessen &hellip; <a href=\"https:\/\/schuetzenelite.de\/blog\/impressum\/\">Weiterlesen <span class=\"meta-nav\">&rarr;<\/span><\/a><\/p>\n","protected":false},"author":1,"featured_media":0,"parent":0,"menu_order":0,"comment_status":"closed","ping_status":"closed","template":"","meta":{"footnotes":""},"class_list":["post-97","page","type-page","status-publish","hentry"],"_links":{"self":[{"href":"https:\/\/schuetzenelite.de\/blog\/wp-json\/wp\/v2\/pages\/97","targetHints":{"allow":["GET"]}}],"collection":[{"href":"https:\/\/schuetzenelite.de\/blog\/wp-json\/wp\/v2\/pages"}],"about":[{"href":"https:\/\/schuetzenelite.de\/blog\/wp-json\/wp\/v2\/types\/page"}],"author":[{"embeddable":true,"href":"https:\/\/schuetzenelite.de\/blog\/wp-json\/wp\/v2\/users\/1"}],"replies":[{"embeddable":true,"href":"https:\/\/schuetzenelite.de\/blog\/wp-json\/wp\/v2\/comments?post=97"}],"version-history":[{"count":4,"href":"https:\/\/schuetzenelite.de\/blog\/wp-json\/wp\/v2\/pages\/97\/revisions"}],"predecessor-version":[{"id":101,"href":"https:\/\/schuetzenelite.de\/blog\/wp-json\/wp\/v2\/pages\/97\/revisions\/101"}],"wp:attachment":[{"href":"https:\/\/schuetzenelite.de\/blog\/wp-json\/wp\/v2\/media?parent=97"}],"curies":[{"name":"wp","href":"https:\/\/api.w.org\/{rel}","templated":true}]}}